{"id":184,"date":"2021-08-13T14:12:55","date_gmt":"2021-08-13T14:12:55","guid":{"rendered":"https:\/\/peter-foeller.at\/?page_id=184"},"modified":"2021-11-09T13:58:47","modified_gmt":"2021-11-09T13:58:47","slug":"ueber-mich","status":"publish","type":"page","link":"https:\/\/peter-foeller.at\/?page_id=184","title":{"rendered":"\u00dcber Mich"},"content":{"rendered":"\n<figure class=\"wp-block-gallery alignright columns-1 is-cropped wp-block-gallery-1 is-layout-flex wp-block-gallery-is-layout-flex\"><ul class=\"blocks-gallery-grid\"><li class=\"blocks-gallery-item\"><figure><img loading=\"lazy\" decoding=\"async\" width=\"1080\" height=\"1080\" src=\"https:\/\/peter-foeller.at\/wp-content\/uploads\/2021\/11\/Propic1634025966109.jpg\" alt=\"\" data-id=\"364\" data-full-url=\"https:\/\/peter-foeller.at\/wp-content\/uploads\/2021\/11\/Propic1634025966109.jpg\" data-link=\"https:\/\/peter-foeller.at\/?attachment_id=364\" class=\"wp-image-364\" srcset=\"https:\/\/peter-foeller.at\/wp-content\/uploads\/2021\/11\/Propic1634025966109.jpg 1080w, https:\/\/peter-foeller.at\/wp-content\/uploads\/2021\/11\/Propic1634025966109-300x300.jpg 300w, https:\/\/peter-foeller.at\/wp-content\/uploads\/2021\/11\/Propic1634025966109-1024x1024.jpg 1024w, https:\/\/peter-foeller.at\/wp-content\/uploads\/2021\/11\/Propic1634025966109-150x150.jpg 150w, https:\/\/peter-foeller.at\/wp-content\/uploads\/2021\/11\/Propic1634025966109-768x768.jpg 768w, https:\/\/peter-foeller.at\/wp-content\/uploads\/2021\/11\/Propic1634025966109-640x640.jpg 640w, https:\/\/peter-foeller.at\/wp-content\/uploads\/2021\/11\/Propic1634025966109-400x400.jpg 400w\" sizes=\"auto, (max-width: 1080px) 100vw, 1080px\" \/><\/figure><\/li><\/ul><\/figure>\n\n\n\n<p class=\"has-huge-font-size\"><strong>Peter F\u00f6ller<\/strong><\/p>\n\n\n\n<p>Bauingenieur Siedlungswasserwirtschaft<br>Dr. Dipl.Ing.(FH) Baumeister(eing.)<br>Qualit\u00e4tsbeauftragter<br>Maurer<\/p>\n\n\n\n<p class=\"has-small-font-size\">geboren 28.04.1962<br>in Steinau an der Stra\u00dfe<br>Hessen\/Deutschland<\/p>\n\n\n\n<p class=\"has-small-font-size\">war international t\u00e4tig bei<br>WTE Wassertechnik GmbH<br>als Niderlassungsleiter und Gesch\u00e4ftsf\u00fchrer<\/p>\n\n\n\n<p class=\"has-small-font-size\">zuletzt bei<br>Porr Bau GmbH<br>Abteilungsleiter und Prokurist<br>Wasserver- und Abwasserentsorgung<\/p>\n\n\n\n<p class=\"has-small-font-size\">seit 2012 wegen Schlaganfall in Pension<\/p>\n\n\n\n<p class=\"has-small-font-size\">Hobbys:<br>Rockmusik, Motorrad, Wandern, Malen, Fotografieren, Freunde treffen, Bad V\u00f6slau, \u2026.<\/p>\n\n\n\n<p>Lebensmotto:<br><span style=\"color:#ed2c3c\" class=\"has-inline-color\"><strong>&#8222;Das Leben ist hart, aber wir sind h\u00e4rter&#8220;<br>Lied von den Alpenrebellen.<\/strong><\/span><\/p>\n\n\n\n<p><\/p>\n","protected":false},"excerpt":{"rendered":"<p>Peter F\u00f6ller Bauingenieur SiedlungswasserwirtschaftDr. Dipl.Ing.(FH) Baumeister(eing.)Qualit\u00e4tsbeauftragterMaurer geboren 28.04.1962in Steinau an der Stra\u00dfeHessen\/Deutschland war international t\u00e4tig beiWTE Wassertechnik GmbHals Niderlassungsleiter und Gesch\u00e4ftsf\u00fchrer zuletzt beiPorr Bau GmbHAbteilungsleiter [&#8230;]<\/p>\n","protected":false},"author":1,"featured_media":0,"parent":0,"menu_order":0,"comment_status":"closed","ping_status":"closed","template":"","meta":{"footnotes":""},"class_list":["post-184","page","type-page","status-publish","hentry"],"_links":{"self":[{"href":"https:\/\/peter-foeller.at\/index.php?rest_route=\/wp\/v2\/pages\/184","targetHints":{"allow":["GET"]}}],"collection":[{"href":"https:\/\/peter-foeller.at\/index.php?rest_route=\/wp\/v2\/pages"}],"about":[{"href":"https:\/\/peter-foeller.at\/index.php?rest_route=\/wp\/v2\/types\/page"}],"author":[{"embeddable":true,"href":"https:\/\/peter-foeller.at\/index.php?rest_route=\/wp\/v2\/users\/1"}],"replies":[{"embeddable":true,"href":"https:\/\/peter-foeller.at\/index.php?rest_route=%2Fwp%2Fv2%2Fcomments&post=184"}],"version-history":[{"count":14,"href":"https:\/\/peter-foeller.at\/index.php?rest_route=\/wp\/v2\/pages\/184\/revisions"}],"predecessor-version":[{"id":365,"href":"https:\/\/peter-foeller.at\/index.php?rest_route=\/wp\/v2\/pages\/184\/revisions\/365"}],"wp:attachment":[{"href":"https:\/\/peter-foeller.at\/index.php?rest_route=%2Fwp%2Fv2%2Fmedia&parent=184"}],"curies":[{"name":"wp","href":"https:\/\/api.w.org\/{rel}","templated":true}]}}