{"id":168,"date":"2021-08-10T22:50:30","date_gmt":"2021-08-10T22:50:30","guid":{"rendered":"https:\/\/peter-foeller.at\/?page_id=168"},"modified":"2021-08-11T18:06:49","modified_gmt":"2021-08-11T18:06:49","slug":"impressum","status":"publish","type":"page","link":"https:\/\/peter-foeller.at\/?page_id=168","title":{"rendered":"Impressum"},"content":{"rendered":"\n<p>Dr. Peter F\u00f6ller<\/p>\n\n\n\n<p>Dammgasse 3<br>2540 Bad V\u00f6slau<br>\u00d6sterreich<\/p>\n\n\n\n<p>Telefon: <a href=\"tel:0664\/9562985\">0664\/95 62 985<\/a><\/p>\n\n\n\n<p>E-Mail:<a href=\"javascript:\">Peter.Foeller@gmx.at<\/a><\/p>\n\n\n\n<p><\/p>\n","protected":false},"excerpt":{"rendered":"<p>Dr. Peter F\u00f6ller Dammgasse 32540 Bad V\u00f6slau\u00d6sterreich Telefon: 0664\/95 62 985 E-Mail:Peter.Foeller@gmx.at<\/p>\n","protected":false},"author":1,"featured_media":0,"parent":0,"menu_order":0,"comment_status":"closed","ping_status":"closed","template":"","meta":{"footnotes":""},"class_list":["post-168","page","type-page","status-publish","hentry"],"_links":{"self":[{"href":"https:\/\/peter-foeller.at\/index.php?rest_route=\/wp\/v2\/pages\/168","targetHints":{"allow":["GET"]}}],"collection":[{"href":"https:\/\/peter-foeller.at\/index.php?rest_route=\/wp\/v2\/pages"}],"about":[{"href":"https:\/\/peter-foeller.at\/index.php?rest_route=\/wp\/v2\/types\/page"}],"author":[{"embeddable":true,"href":"https:\/\/peter-foeller.at\/index.php?rest_route=\/wp\/v2\/users\/1"}],"replies":[{"embeddable":true,"href":"https:\/\/peter-foeller.at\/index.php?rest_route=%2Fwp%2Fv2%2Fcomments&post=168"}],"version-history":[{"count":2,"href":"https:\/\/peter-foeller.at\/index.php?rest_route=\/wp\/v2\/pages\/168\/revisions"}],"predecessor-version":[{"id":173,"href":"https:\/\/peter-foeller.at\/index.php?rest_route=\/wp\/v2\/pages\/168\/revisions\/173"}],"wp:attachment":[{"href":"https:\/\/peter-foeller.at\/index.php?rest_route=%2Fwp%2Fv2%2Fmedia&parent=168"}],"curies":[{"name":"wp","href":"https:\/\/api.w.org\/{rel}","templated":true}]}}